{"id":9,"date":"2023-04-05T17:57:56","date_gmt":"2023-04-05T15:57:56","guid":{"rendered":"http:\/\/bibliothequecavalier.com\/?page_id=9"},"modified":"2023-05-26T13:52:13","modified_gmt":"2023-05-26T11:52:13","slug":"bibliotheque-philippe-cavalier","status":"publish","type":"page","link":"https:\/\/bibliothequecavalier.com\/","title":{"rendered":"La Biblioth\u00e8que"},"content":{"rendered":"\t\t<div data-elementor-type=\"wp-post\" data-elementor-id=\"9\" class=\"elementor elementor-9\" data-elementor-post-type=\"page\">\n\t\t\t\t\t\t\t<div class=\"elementor-element elementor-element-fd0b1aa e-flex e-con-boxed e-con\" data-id=\"fd0b1aa\" data-element_type=\"container\" data-settings=\"{&quot;content_width&quot;:&quot;boxed&quot;}\">\n\t\t\t\t\t<div class=\"e-con-inner\">\n\t\t\t\t<div class=\"elementor-element elementor-element-f5ffa9c elementor-widget elementor-widget-image\" data-id=\"f5ffa9c\" data-element_type=\"widget\" data-widget_type=\"image.default\">\n\t\t\t\t<div class=\"elementor-widget-container\">\n\t\t\t<style>\/*! elementor - v3.14.0 - 18-06-2023 *\/\n.elementor-widget-image{text-align:center}.elementor-widget-image a{display:inline-block}.elementor-widget-image a img[src$=\".svg\"]{width:48px}.elementor-widget-image img{vertical-align:middle;display:inline-block}<\/style>\t\t\t\t\t\t\t\t\t\t\t\t<img loading=\"lazy\" decoding=\"async\" width=\"2500\" height=\"1180\" src=\"https:\/\/bibliothequecavalier.com\/wp-content\/uploads\/2023\/05\/bibliothequecavalier_main_bandeau_photo_01-1.jpg\" class=\"attachment-full size-full wp-image-1088\" alt=\"\" srcset=\"https:\/\/bibliothequecavalier.com\/wp-content\/uploads\/2023\/05\/bibliothequecavalier_main_bandeau_photo_01-1.jpg 2500w, https:\/\/bibliothequecavalier.com\/wp-content\/uploads\/2023\/05\/bibliothequecavalier_main_bandeau_photo_01-1-300x142.jpg 300w, https:\/\/bibliothequecavalier.com\/wp-content\/uploads\/2023\/05\/bibliothequecavalier_main_bandeau_photo_01-1-1024x483.jpg 1024w, https:\/\/bibliothequecavalier.com\/wp-content\/uploads\/2023\/05\/bibliothequecavalier_main_bandeau_photo_01-1-768x362.jpg 768w, https:\/\/bibliothequecavalier.com\/wp-content\/uploads\/2023\/05\/bibliothequecavalier_main_bandeau_photo_01-1-1536x725.jpg 1536w, https:\/\/bibliothequecavalier.com\/wp-content\/uploads\/2023\/05\/bibliothequecavalier_main_bandeau_photo_01-1-2048x967.jpg 2048w\" sizes=\"auto, (max-width: 2500px) 100vw, 2500px\" \/>\t\t\t\t\t\t\t\t\t\t\t\t\t\t\t<\/div>\n\t\t\t\t<\/div>\n\t\t\t\t\t<\/div>\n\t\t\t\t<\/div>\n\t\t<div class=\"elementor-element elementor-element-077d2bc e-flex e-con-boxed e-con\" data-id=\"077d2bc\" data-element_type=\"container\" data-settings=\"{&quot;content_width&quot;:&quot;boxed&quot;}\">\n\t\t\t\t\t<div class=\"e-con-inner\">\n\t\t\t\t<div class=\"elementor-element elementor-element-d33ef56 elementor-widget elementor-widget-text-editor\" data-id=\"d33ef56\" data-element_type=\"widget\" data-widget_type=\"text-editor.default\">\n\t\t\t\t<div class=\"elementor-widget-container\">\n\t\t\t<style>\/*! elementor - v3.14.0 - 18-06-2023 *\/\n.elementor-widget-text-editor.elementor-drop-cap-view-stacked .elementor-drop-cap{background-color:#69727d;color:#fff}.elementor-widget-text-editor.elementor-drop-cap-view-framed .elementor-drop-cap{color:#69727d;border:3px solid;background-color:transparent}.elementor-widget-text-editor:not(.elementor-drop-cap-view-default) .elementor-drop-cap{margin-top:8px}.elementor-widget-text-editor:not(.elementor-drop-cap-view-default) .elementor-drop-cap-letter{width:1em;height:1em}.elementor-widget-text-editor .elementor-drop-cap{float:left;text-align:center;line-height:1;font-size:50px}.elementor-widget-text-editor .elementor-drop-cap-letter{display:inline-block}<\/style>\t\t\t\t<h5>Les \u00e9ditions Anne Carri\u00e8re sont heureuses de pr\u00e9senter les romans de Philippe Cavalier dans une nouvelle collection et sous un nouveau format. Histoire, mythologies et archives oubli\u00e9es, Philippe Cavalier p\u00e9trit toutes les mati\u00e8res pour cr\u00e9er des \u00e9pop\u00e9es o\u00f9 aventures, voyages et h\u00e9ro\u00efsme constituent l\u2019essence du romanesque. Des montagnes de la Gr\u00e8ce antique au Berlin des ann\u00e9es 1930, de la plaine de Pers\u00e9polis aux palais baroques de Venise, pr\u00e9parez-vous aux plus envo\u00fbtantes des lectures&#8230;<\/h5>\t\t\t\t\t\t<\/div>\n\t\t\t\t<\/div>\n\t\t\t\t\t<\/div>\n\t\t\t\t<\/div>\n\t\t<div class=\"elementor-element elementor-element-066487f e-flex e-con-boxed e-con\" data-id=\"066487f\" data-element_type=\"container\" data-settings=\"{&quot;content_width&quot;:&quot;boxed&quot;}\">\n\t\t\t\t\t<div class=\"e-con-inner\">\n\t\t<div class=\"elementor-element elementor-element-427f4e0 e-con-full e-flex e-con\" data-id=\"427f4e0\" data-element_type=\"container\" data-settings=\"{&quot;content_width&quot;:&quot;full&quot;}\">\n\t\t\t\t<div class=\"elementor-element elementor-element-34ba92e elementor-widget elementor-widget-heading\" data-id=\"34ba92e\" data-element_type=\"widget\" data-widget_type=\"heading.default\">\n\t\t\t\t<div class=\"elementor-widget-container\">\n\t\t\t<style>\/*! elementor - v3.14.0 - 18-06-2023 *\/\n.elementor-heading-title{padding:0;margin:0;line-height:1}.elementor-widget-heading .elementor-heading-title[class*=elementor-size-]>a{color:inherit;font-size:inherit;line-height:inherit}.elementor-widget-heading .elementor-heading-title.elementor-size-small{font-size:15px}.elementor-widget-heading .elementor-heading-title.elementor-size-medium{font-size:19px}.elementor-widget-heading .elementor-heading-title.elementor-size-large{font-size:29px}.elementor-widget-heading .elementor-heading-title.elementor-size-xl{font-size:39px}.elementor-widget-heading .elementor-heading-title.elementor-size-xxl{font-size:59px}<\/style><h2 class=\"elementor-heading-title elementor-size-default\">Nouveaut\u00e9<\/h2>\t\t<\/div>\n\t\t\t\t<\/div>\n\t\t\t\t<div class=\"elementor-element elementor-element-6bcd910 elementor-widget elementor-widget-heading\" data-id=\"6bcd910\" data-element_type=\"widget\" data-widget_type=\"heading.default\">\n\t\t\t\t<div class=\"elementor-widget-container\">\n\t\t\t<h1 class=\"elementor-heading-title elementor-size-xxl\">LE PARLEMENT DES INSTINCTS<\/h1>\t\t<\/div>\n\t\t\t\t<\/div>\n\t\t\t\t<div class=\"elementor-element elementor-element-5810c67 elementor-invisible elementor-widget elementor-widget-image\" data-id=\"5810c67\" data-element_type=\"widget\" data-settings=\"{&quot;_animation&quot;:&quot;fadeIn&quot;}\" data-widget_type=\"image.default\">\n\t\t\t\t<div class=\"elementor-widget-container\">\n\t\t\t\t\t\t\t\t\t\t\t\t\t\t\t\t<a href=\"https:\/\/bibliothequecavalier.com\/?page_id=157\">\n\t\t\t\t\t\t\t<img loading=\"lazy\" decoding=\"async\" width=\"1200\" height=\"1131\" src=\"https:\/\/bibliothequecavalier.com\/wp-content\/uploads\/2023\/04\/006-Parlement_Mock_Up_CLOSE-UP.jpg\" class=\"attachment-full size-full wp-image-648\" alt=\"\" srcset=\"https:\/\/bibliothequecavalier.com\/wp-content\/uploads\/2023\/04\/006-Parlement_Mock_Up_CLOSE-UP.jpg 1200w, https:\/\/bibliothequecavalier.com\/wp-content\/uploads\/2023\/04\/006-Parlement_Mock_Up_CLOSE-UP-300x283.jpg 300w, https:\/\/bibliothequecavalier.com\/wp-content\/uploads\/2023\/04\/006-Parlement_Mock_Up_CLOSE-UP-1024x965.jpg 1024w, https:\/\/bibliothequecavalier.com\/wp-content\/uploads\/2023\/04\/006-Parlement_Mock_Up_CLOSE-UP-768x724.jpg 768w\" sizes=\"auto, (max-width: 1200px) 100vw, 1200px\" \/>\t\t\t\t\t\t\t\t<\/a>\n\t\t\t\t\t\t\t\t\t\t\t\t\t\t\t<\/div>\n\t\t\t\t<\/div>\n\t\t\t\t<div class=\"elementor-element elementor-element-3e73f3a elementor-widget elementor-widget-text-editor\" data-id=\"3e73f3a\" data-element_type=\"widget\" data-widget_type=\"text-editor.default\">\n\t\t\t\t<div class=\"elementor-widget-container\">\n\t\t\t\t\t\t\t<div>Toscane, fin du XVI<sup>e<\/sup> si\u00e8cle. Trahi par les faiblesses d&rsquo;un corps rabougri, Ilario d&rsquo;Orcia s&rsquo;\u00e9merveille des beaut\u00e9s du monde autant qu&rsquo;il s&rsquo;effare de la sottise des hommes. Mais l&rsquo;\u00e9poque n&rsquo;est pas tendre avec ceux qui pr\u00e9tendent r\u00e9diger pour eux-m\u00eames les r\u00e8gles de leur propre existence et ce n&rsquo;est qu&rsquo;en employant les moyens les plus extr\u00eames qu&rsquo;un audacieux peut esp\u00e9rer r\u00e9colter tout ce que ses talents lui promettent&#8230;<\/div>\n<div><\/div>\t\t\t\t\t\t<\/div>\n\t\t\t\t<\/div>\n\t\t\t\t<\/div>\n\t\t<div class=\"elementor-element elementor-element-ec638b1 e-con-full e-flex e-con\" data-id=\"ec638b1\" data-element_type=\"container\" data-settings=\"{&quot;content_width&quot;:&quot;full&quot;}\">\n\t\t\t\t<div class=\"elementor-element elementor-element-4d91dae elementor-widget elementor-widget-heading\" data-id=\"4d91dae\" data-element_type=\"widget\" data-widget_type=\"heading.default\">\n\t\t\t\t<div class=\"elementor-widget-container\">\n\t\t\t<h2 class=\"elementor-heading-title elementor-size-default\">Dans la biblioth\u00e8que<\/h2>\t\t<\/div>\n\t\t\t\t<\/div>\n\t\t\t\t<div class=\"elementor-element elementor-element-ed93b9d elementor-widget elementor-widget-heading\" data-id=\"ed93b9d\" data-element_type=\"widget\" data-widget_type=\"heading.default\">\n\t\t\t\t<div class=\"elementor-widget-container\">\n\t\t\t<h1 class=\"elementor-heading-title elementor-size-xxl\">LE SI\u00c8CLE DES CHIM\u00c8RES<\/h1>\t\t<\/div>\n\t\t\t\t<\/div>\n\t\t\t\t<div class=\"elementor-element elementor-element-0d5ffc9 elementor-invisible elementor-widget elementor-widget-image\" data-id=\"0d5ffc9\" data-element_type=\"widget\" data-settings=\"{&quot;_animation&quot;:&quot;fadeIn&quot;}\" data-widget_type=\"image.default\">\n\t\t\t\t<div class=\"elementor-widget-container\">\n\t\t\t\t\t\t\t\t\t\t\t\t\t\t\t\t<a href=\"https:\/\/bibliothequecavalier.com\/?page_id=355\">\n\t\t\t\t\t\t\t<img loading=\"lazy\" decoding=\"async\" width=\"1200\" height=\"1131\" src=\"https:\/\/bibliothequecavalier.com\/wp-content\/uploads\/2023\/04\/Chimere_visuel_principal_CARRE_1200PIX-1.gif\" class=\"attachment-full size-full wp-image-656\" alt=\"\" \/>\t\t\t\t\t\t\t\t<\/a>\n\t\t\t\t\t\t\t\t\t\t\t\t\t\t\t<\/div>\n\t\t\t\t<\/div>\n\t\t\t\t<div class=\"elementor-element elementor-element-162315c elementor-widget elementor-widget-text-editor\" data-id=\"162315c\" data-element_type=\"widget\" data-widget_type=\"text-editor.default\">\n\t\t\t\t<div class=\"elementor-widget-container\">\n\t\t\t\t\t\t\t<p>Premier volume d\u2019une saga mariant aventures, histoire et \u00e9sot\u00e9risme, <em>Les Ogres du Gange<\/em> confronte David Tewp, officier britannique d\u2019extraction modeste, sans exp\u00e9rience du terrain, \u00e0 des personnages plus retors que lui. De sa rivalit\u00e9 avec Ostara Keller, l\u2019espionne autrichienne, \u00e0 sa rencontre avec le couple Windsor, David Tewp devra d\u00e9jouer bien des pi\u00e8ges pour \u00e9lucider les crimes qui souillent la province du Bengale.<\/p>\t\t\t\t\t\t<\/div>\n\t\t\t\t<\/div>\n\t\t\t\t<\/div>\n\t\t\t\t\t<\/div>\n\t\t\t\t<\/div>\n\t\t<div class=\"elementor-element elementor-element-b716e3e e-flex e-con-boxed e-con\" data-id=\"b716e3e\" data-element_type=\"container\" data-settings=\"{&quot;background_background&quot;:&quot;classic&quot;,&quot;content_width&quot;:&quot;boxed&quot;}\">\n\t\t\t\t\t<div class=\"e-con-inner\">\n\t\t\t\t<div class=\"elementor-element elementor-element-ac466b0 elementor-widget elementor-widget-text-editor\" data-id=\"ac466b0\" data-element_type=\"widget\" data-widget_type=\"text-editor.default\">\n\t\t\t\t<div class=\"elementor-widget-container\">\n\t\t\t\t\t\t\t<h4>\u00ab Curieux destin que celui de Philippe Cavalier, auteur inclassable qui fait \u0153uvre personnelle \u00e0 travers des genres tr\u00e8s cod\u00e9s dont il aime \u00e0 d\u00e9tourner et m\u00ealer les figures : roman historique, fresque d\u2019espionnage\u2026 Les \u00e9ditions Anne Carri\u00e8re cr\u00e9ent la \u00ab Biblioth\u00e8que Philippe Cavalier \u00bb, qui r\u00e9\u00e9dite ses titres \u00e9puis\u00e9s, en m\u00eame temps que para\u00eet sa nouveaut\u00e9 <em>Le Parlement des instincts<\/em>. \u00bb <strong><em>Marianne<\/em>, Hubert Prolongeau<\/strong><\/h4>\t\t\t\t\t\t<\/div>\n\t\t\t\t<\/div>\n\t\t\t\t\t<\/div>\n\t\t\t\t<\/div>\n\t\t\t\t\t\t\t<\/div>\n\t\t","protected":false},"excerpt":{"rendered":"<p>Les \u00e9ditions Anne Carri\u00e8re sont heureuses de pr\u00e9senter les romans de Philippe Cavalier dans une nouvelle collection et sous un nouveau format. Histoire, mythologies et archives oubli\u00e9es, Philippe Cavalier p\u00e9trit toutes les mati\u00e8res pour cr\u00e9er des \u00e9pop\u00e9es o\u00f9 aventures, voyages et h\u00e9ro\u00efsme constituent l\u2019essence du romanesque. Des montagnes de la Gr\u00e8ce antique au Berlin des&hellip;&nbsp;<a href=\"https:\/\/bibliothequecavalier.com\/\" class=\"\" rel=\"bookmark\">Lire la suite &raquo;<span class=\"screen-reader-text\">La Biblioth\u00e8que<\/span><\/a><\/p>\n","protected":false},"author":1,"featured_media":0,"parent":0,"menu_order":0,"comment_status":"closed","ping_status":"closed","template":"elementor_theme","meta":{"inline_featured_image":false,"neve_meta_sidebar":"","neve_meta_container":"","neve_meta_enable_content_width":"","neve_meta_content_width":0,"neve_meta_title_alignment":"","neve_meta_author_avatar":"","neve_post_elements_order":"","neve_meta_disable_header":"","neve_meta_disable_footer":"","neve_meta_disable_title":"","footnotes":""},"class_list":["post-9","page","type-page","status-publish","hentry"],"_links":{"self":[{"href":"https:\/\/bibliothequecavalier.com\/index.php?rest_route=\/wp\/v2\/pages\/9","targetHints":{"allow":["GET"]}}],"collection":[{"href":"https:\/\/bibliothequecavalier.com\/index.php?rest_route=\/wp\/v2\/pages"}],"about":[{"href":"https:\/\/bibliothequecavalier.com\/index.php?rest_route=\/wp\/v2\/types\/page"}],"author":[{"embeddable":true,"href":"https:\/\/bibliothequecavalier.com\/index.php?rest_route=\/wp\/v2\/users\/1"}],"replies":[{"embeddable":true,"href":"https:\/\/bibliothequecavalier.com\/index.php?rest_route=%2Fwp%2Fv2%2Fcomments&post=9"}],"version-history":[{"count":116,"href":"https:\/\/bibliothequecavalier.com\/index.php?rest_route=\/wp\/v2\/pages\/9\/revisions"}],"predecessor-version":[{"id":1239,"href":"https:\/\/bibliothequecavalier.com\/index.php?rest_route=\/wp\/v2\/pages\/9\/revisions\/1239"}],"wp:attachment":[{"href":"https:\/\/bibliothequecavalier.com\/index.php?rest_route=%2Fwp%2Fv2%2Fmedia&parent=9"}],"curies":[{"name":"wp","href":"https:\/\/api.w.org\/{rel}","templated":true}]}}